{"id":21,"date":"2023-10-27T13:44:47","date_gmt":"2023-10-27T13:44:47","guid":{"rendered":"https:\/\/avemassage-aqua.com\/wp\/?page_id=21"},"modified":"2024-10-31T10:11:09","modified_gmt":"2024-10-31T09:11:09","slug":"massage-pour-future-maman","status":"publish","type":"page","link":"https:\/\/avemassage-aqua.com\/en\/massage-pour-future-maman\/","title":{"rendered":"Future Mother Massage"},"content":{"rendered":"<div data-elementor-type=\"wp-page\" data-elementor-id=\"21\" class=\"elementor elementor-21\">\n\t\t\t\t<div class=\"elementor-element elementor-element-55267b0 e-flex e-con-boxed e-con e-parent\" data-id=\"55267b0\" data-element_type=\"container\" data-e-type=\"container\">\n\t\t\t\t\t<div class=\"e-con-inner\">\n\t\t<div class=\"elementor-element elementor-element-b54e4bb e-con-full e-flex e-con e-child\" data-id=\"b54e4bb\" data-element_type=\"container\" data-e-type=\"container\">\n\t\t\t\t<div class=\"elementor-element elementor-element-7bff832 elementor-widget elementor-widget-image\" data-id=\"7bff832\" data-element_type=\"widget\" data-e-type=\"widget\" data-widget_type=\"image.default\">\n\t\t\t\t<div class=\"elementor-widget-container\">\n\t\t\t\t\t\t\t\t\t\t\t\t\t\t\t<img fetchpriority=\"high\" decoding=\"async\" width=\"1024\" height=\"683\" src=\"https:\/\/avemassage-aqua.com\/wp-content\/uploads\/2023\/10\/freestocks-ux53SGpRAHU-unsplash-1024x683.jpg\" class=\"attachment-large size-large wp-image-71\" alt=\"\" srcset=\"https:\/\/avemassage-aqua.com\/wp-content\/uploads\/2023\/10\/freestocks-ux53SGpRAHU-unsplash-1024x683.jpg 1024w, https:\/\/avemassage-aqua.com\/wp-content\/uploads\/2023\/10\/freestocks-ux53SGpRAHU-unsplash-300x200.jpg 300w, https:\/\/avemassage-aqua.com\/wp-content\/uploads\/2023\/10\/freestocks-ux53SGpRAHU-unsplash-768x512.jpg 768w, https:\/\/avemassage-aqua.com\/wp-content\/uploads\/2023\/10\/freestocks-ux53SGpRAHU-unsplash-1536x1024.jpg 1536w, https:\/\/avemassage-aqua.com\/wp-content\/uploads\/2023\/10\/freestocks-ux53SGpRAHU-unsplash-2048x1365.jpg 2048w\" sizes=\"(max-width: 1024px) 100vw, 1024px\" \/>\t\t\t\t\t\t\t\t\t\t\t\t\t\t\t<\/div>\n\t\t\t\t<\/div>\n\t\t\t\t<\/div>\n\t\t<div class=\"elementor-element elementor-element-5100db6 e-con-full e-flex e-con e-child\" data-id=\"5100db6\" data-element_type=\"container\" data-e-type=\"container\">\n\t\t\t\t<div class=\"elementor-element elementor-element-c742890 elementor-widget elementor-widget-text-editor\" data-id=\"c742890\" data-element_type=\"widget\" data-e-type=\"widget\" data-widget_type=\"text-editor.default\">\n\t\t\t\t<div class=\"elementor-widget-container\">\n\t\t\t\t\t\t\t\t\t<p>MASSAGE DE LA FEMME ENCEINTE<\/p><p><span style=\"font-style: inherit; font-weight: inherit; color: var( --e-global-color-text ); font-family: var( --e-global-typography-text-font-family ), Sans-serif; text-align: var(--text-align); background-color: var(--ast-global-color-5);\">\"Appreciating a different beauty in your body and the buoyant life inside yourself\"<\/span><\/p>\n<p><\/p>\n<p>Les mouvements sont sp\u00e9cialement \u00e9tudi\u00e9s et adapt\u00e9s pour r\u00e9pondre aux besoins de la future maman. Son corps est fort sollicit\u00e9 par le b\u00e9b\u00e9 mais pour le bonheur de celui-ci et le sien, elle gagnerait \u00e0 bien prendre soin d\u2019elle -m\u00eame et \u00e0 se laisser dorloter. D\u2019autant plus que c\u2019est le moment o\u00f9 elle est d\u2019une beaut\u00e9 particuli\u00e8re, une \u00ab autre \u00bb beaut\u00e9, sans \u00e9gale et unique dans une vie.<\/p>\n<p><\/p>\n<p>Outre le soulagement d\u2019\u00e9ventuels petits maux inh\u00e9rents \u00e0 son \u00e9tat physique particulier, le massage vise \u00e0 lui apporter r\u00e9confort et qui\u00e9tude l\u00e0 o\u00f9 certaines appr\u00e9hensions peuvent assombrir l\u2019esprit.<\/p>\n<p><\/p>\n<p>Un temps de pause massage offre \u00e0 la future maman de mieux appr\u00e9cier cette belle aventure et cette nouvelle vie dont elle est pleine et radieuse. Tant de femmes disent plus tard qu\u2019est-ce que j\u2019\u00e9tais belle quand j\u2019\u00e9tais enceinte. C\u2019est encore mieux d\u2019en profiter au pr\u00e9sent.<\/p>\n<p><\/p>\n<p>Les gestes de ce massage de la femme enceinte sont ex\u00e9cut\u00e9s avec lenteur. Comme un hommage. Ce rituel participe de tout un ensemble aidant la future maman de s\u2019\u00e9panouir tout au long de la grossesse. Et il n\u2019est nul doute que le fruit de son d\u00e9sir en profite aussi et en profitera longtemps.<\/p>\n<p><\/p>\n<p>Le massage favorise une disposition sereine du corps et de l\u2019esprit \u00e0 donner naissance au jeune \u00eatre. Et, dans la p\u00e9riode post-partum, \u00e0 b\u00e9n\u00e9ficier d\u2019une bonne condition physique et psychique.<\/p>\n<p><\/p>\n<p>Le massage aura certes \u00e9t\u00e9 tout au long de cette p\u00e9riode en phase avec la cr\u00e9ation du lien d\u2019amour entre la maman et son petit.<\/p>\t\t\t\t\t\t\t\t<\/div>\n\t\t\t\t<\/div>\n\t\t\t\t<\/div>\n\t\t\t\t\t<\/div>\n\t\t\t\t<\/div>\n\t\t\t\t<\/div>","protected":false},"excerpt":{"rendered":"<p>MASSAGE DE LA FEMME ENCEINTE Appr\u00e9cier une autre beaut\u00e9 de son corps et le jaillissement de la vie en soi Les mouvements sont sp\u00e9cialement \u00e9tudi\u00e9s et adapt\u00e9s pour r\u00e9pondre aux besoins de la future maman. Son corps est fort sollicit\u00e9 par le b\u00e9b\u00e9 mais pour le bonheur de celui-ci et le sien, elle gagnerait \u00e0 [&hellip;]<\/p>\n","protected":false},"author":1,"featured_media":0,"parent":0,"menu_order":43,"comment_status":"closed","ping_status":"closed","template":"","meta":{"site-sidebar-layout":"no-sidebar","site-content-layout":"","ast-site-content-layout":"full-width-container","site-content-style":"default","site-sidebar-style":"default","ast-global-header-display":"","ast-banner-title-visibility":"","ast-main-header-display":"","ast-hfb-above-header-display":"","ast-hfb-below-header-display":"","ast-hfb-mobile-header-display":"","site-post-title":"disabled","ast-breadcrumbs-content":"","ast-featured-img":"disabled","footer-sml-layout":"","ast-disable-related-posts":"","theme-transparent-header-meta":"","adv-header-id-meta":"","stick-header-meta":"","header-above-stick-meta":"","header-main-stick-meta":"","header-below-stick-meta":"","astra-migrate-meta-layouts":"default","ast-page-background-enabled":"default","ast-page-background-meta":{"desktop":{"background-color":"var(--ast-global-color-4)","background-image":"","background-repeat":"repeat","background-position":"center center","background-size":"auto","background-attachment":"scroll","background-type":"","background-media":"","overlay-type":"","overlay-color":"","overlay-opacity":"","overlay-gradient":""},"tablet":{"background-color":"","background-image":"","background-repeat":"repeat","background-position":"center center","background-size":"auto","background-attachment":"scroll","background-type":"","background-media":"","overlay-type":"","overlay-color":"","overlay-opacity":"","overlay-gradient":""},"mobile":{"background-color":"","background-image":"","background-repeat":"repeat","background-position":"center center","background-size":"auto","background-attachment":"scroll","background-type":"","background-media":"","overlay-type":"","overlay-color":"","overlay-opacity":"","overlay-gradient":""}},"ast-content-background-meta":{"desktop":{"background-color":"var(--ast-global-color-5)","background-image":"","background-repeat":"repeat","background-position":"center center","background-size":"auto","background-attachment":"scroll","background-type":"","background-media":"","overlay-type":"","overlay-color":"","overlay-opacity":"","overlay-gradient":""},"tablet":{"background-color":"var(--ast-global-color-5)","background-image":"","background-repeat":"repeat","background-position":"center center","background-size":"auto","background-attachment":"scroll","background-type":"","background-media":"","overlay-type":"","overlay-color":"","overlay-opacity":"","overlay-gradient":""},"mobile":{"background-color":"var(--ast-global-color-5)","background-image":"","background-repeat":"repeat","background-position":"center center","background-size":"auto","background-attachment":"scroll","background-type":"","background-media":"","overlay-type":"","overlay-color":"","overlay-opacity":"","overlay-gradient":""}},"footnotes":""},"class_list":["post-21","page","type-page","status-publish","hentry"],"_links":{"self":[{"href":"https:\/\/avemassage-aqua.com\/en\/wp-json\/wp\/v2\/pages\/21","targetHints":{"allow":["GET"]}}],"collection":[{"href":"https:\/\/avemassage-aqua.com\/en\/wp-json\/wp\/v2\/pages"}],"about":[{"href":"https:\/\/avemassage-aqua.com\/en\/wp-json\/wp\/v2\/types\/page"}],"author":[{"embeddable":true,"href":"https:\/\/avemassage-aqua.com\/en\/wp-json\/wp\/v2\/users\/1"}],"replies":[{"embeddable":true,"href":"https:\/\/avemassage-aqua.com\/en\/wp-json\/wp\/v2\/comments?post=21"}],"version-history":[{"count":4,"href":"https:\/\/avemassage-aqua.com\/en\/wp-json\/wp\/v2\/pages\/21\/revisions"}],"predecessor-version":[{"id":74,"href":"https:\/\/avemassage-aqua.com\/en\/wp-json\/wp\/v2\/pages\/21\/revisions\/74"}],"wp:attachment":[{"href":"https:\/\/avemassage-aqua.com\/en\/wp-json\/wp\/v2\/media?parent=21"}],"curies":[{"name":"wp","href":"https:\/\/api.w.org\/{rel}","templated":true}]}}