{"id":23,"date":"2023-10-27T13:45:14","date_gmt":"2023-10-27T13:45:14","guid":{"rendered":"https:\/\/avemassage-aqua.com\/wp\/?page_id=23"},"modified":"2024-10-31T10:11:31","modified_gmt":"2024-10-31T09:11:31","slug":"cours-massage-bebe","status":"publish","type":"page","link":"https:\/\/avemassage-aqua.com\/en\/cours-massage-bebe\/","title":{"rendered":"Baby Massage Coaching"},"content":{"rendered":"<div data-elementor-type=\"wp-page\" data-elementor-id=\"23\" class=\"elementor elementor-23\">\n\t\t\t\t<div class=\"elementor-element elementor-element-7c134b7 e-flex e-con-boxed e-con e-parent\" data-id=\"7c134b7\" data-element_type=\"container\" data-e-type=\"container\">\n\t\t\t\t\t<div class=\"e-con-inner\">\n\t\t<div class=\"elementor-element elementor-element-a112ffb e-con-full e-flex e-con e-child\" data-id=\"a112ffb\" data-element_type=\"container\" data-e-type=\"container\">\n\t\t\t\t<div class=\"elementor-element elementor-element-b840794 elementor-widget elementor-widget-image\" data-id=\"b840794\" data-element_type=\"widget\" data-e-type=\"widget\" data-widget_type=\"image.default\">\n\t\t\t\t<div class=\"elementor-widget-container\">\n\t\t\t\t\t\t\t\t\t\t\t\t\t\t\t<img fetchpriority=\"high\" decoding=\"async\" width=\"683\" height=\"1024\" src=\"https:\/\/avemassage-aqua.com\/wp-content\/uploads\/2023\/10\/pexels-polina-tankilevitch-3875103-683x1024.jpg\" class=\"attachment-large size-large wp-image-75\" alt=\"\" srcset=\"https:\/\/avemassage-aqua.com\/wp-content\/uploads\/2023\/10\/pexels-polina-tankilevitch-3875103-683x1024.jpg 683w, https:\/\/avemassage-aqua.com\/wp-content\/uploads\/2023\/10\/pexels-polina-tankilevitch-3875103-200x300.jpg 200w, https:\/\/avemassage-aqua.com\/wp-content\/uploads\/2023\/10\/pexels-polina-tankilevitch-3875103-768x1152.jpg 768w, https:\/\/avemassage-aqua.com\/wp-content\/uploads\/2023\/10\/pexels-polina-tankilevitch-3875103-1024x1536.jpg 1024w, https:\/\/avemassage-aqua.com\/wp-content\/uploads\/2023\/10\/pexels-polina-tankilevitch-3875103-1365x2048.jpg 1365w, https:\/\/avemassage-aqua.com\/wp-content\/uploads\/2023\/10\/pexels-polina-tankilevitch-3875103-scaled.jpg 1707w\" sizes=\"(max-width: 683px) 100vw, 683px\" \/>\t\t\t\t\t\t\t\t\t\t\t\t\t\t\t<\/div>\n\t\t\t\t<\/div>\n\t\t\t\t<\/div>\n\t\t<div class=\"elementor-element elementor-element-fa50244 e-con-full e-flex e-con e-child\" data-id=\"fa50244\" data-element_type=\"container\" data-e-type=\"container\">\n\t\t\t\t<div class=\"elementor-element elementor-element-c525f3c elementor-widget elementor-widget-text-editor\" data-id=\"c525f3c\" data-element_type=\"widget\" data-e-type=\"widget\" data-widget_type=\"text-editor.default\">\n\t\t\t\t<div class=\"elementor-widget-container\">\n\t\t\t\t\t\t\t\t\t<p>COURS MASSAGE B\u00c9B\u00c9<\/p>\n<p><\/p>\n<p>A parent et b\u00e9b\u00e9, un pr\u00e9sent pour le futur<\/p>\n<p><\/p>\n<p>\u00ab\u00a0Ce petit, il faut parler \u00e0 sa peau<\/p>\n<p>Il faut parler \u00e0 son dos<\/p>\n<p>Qui a soif et faim<\/p>\n<p>Autant qu\u2019\u00e0 son ventre\u00a0\u00bb<\/p>\n<p><\/p>\n<p>Fr\u00e9d\u00e9rick Leboyer<\/p>\n<p><\/p>\n<p>AVE massage propose aux parents un atelier d\u2019apprentissage en massage pour b\u00e9b\u00e9s de 0 \u00e0 7 mois. Le protocole suivi est celui de l\u2019International Association of Infant Massage IAIM *, con\u00e7u par Vimala McClure. Elle s\u2019\u00e9tait inspir\u00e9e d\u2019une pratique indienne pour conduire des recherches aux Etats-Unis sur l\u2019influence du toucher sur le d\u00e9veloppement physique et mental du b\u00e9b\u00e9 et mettre au point un protocole int\u00e9grant entre autres des \u00e9l\u00e9ments du massage su\u00e9dois, de la r\u00e9flexologie et du yoga**<\/p>\n<p><\/p>\n<p>Les bienfaits du massage b\u00e9b\u00e9 sont nombreux. Il favorise notamment un meilleur sommeil, le calme, la s\u00e9r\u00e9nit\u00e9 ; il renforce la perception de s\u00e9curit\u00e9 du b\u00e9b\u00e9 dans ses relations avec ses proches, et stimule les fonctions digestive, respiratoire et musculaire. On suppute qu\u2019il puisse avoir quelque effet b\u00e9n\u00e9fique sur le syst\u00e8me nerveux, soulager par exemple des maux de dent ou des coliques. De m\u00eame que sur le d\u00e9veloppement du cerveau et ses facult\u00e9s cognitives (apprentissage du langage ou autre).<\/p>\n<p><\/p>\n<p>L\u2019apprentissage des parents<\/p>\n<p><\/p>\n<p>Le parent est initi\u00e9 \u00e0 cette technique simple de massage pour b\u00e9b\u00e9 par une formatrice certifi\u00e9e par l\u2019IAIM. L\u2019apprentissage des mouvements se fait de mani\u00e8re progressive : une partie du corps \u00e0 la fois. Le b\u00e9b\u00e9 est touch\u00e9 uniquement pas son parent, la formatrice manipule une poup\u00e9e. Il est loisible au parent d\u2019adapter \u00e0 sa guise le savoir acquis pour toucher son b\u00e9b\u00e9, \u00e9tant mieux plac\u00e9 pour en appr\u00e9hender les besoins.<\/p>\n<p>Son syllabus r\u00e9capitulatif permettra de se rem\u00e9morer les notions acquises s\u2019il en \u00e9tait besoin.<\/p>\n<p><\/p>\n<p>Une relation enrichie<\/p>\n<p><\/p>\n<p>Le massage offre au parent l\u2019occasion d\u2019enrichir son contact avec B\u00e9b\u00e9. Le massage est un moment de bien-\u00eatre partag\u00e9 par les deux. Le parent est tout entier \u00e0 son petit. C\u2019est un moment de partage intense et de communication par le toucher. Il permet un \u00e9change d\u2019amour de qualit\u00e9 dans l\u2019\u00e9coute et le respect. Et une qui\u00e9tude favorisant une perception intuitive de l\u2019\u00e9tat d\u2019esprit de l\u2019autre, qui pr\u00e9vienne des stress, cris et \u00e9nervements.<\/p>\n<p>A la maison, le massage du b\u00e9b\u00e9 pourrait constituer un petit moment pr\u00e9cieux qui \u00e9largisse la communication et embellisse l\u2019atmosph\u00e8re du foyer.<\/p>\n<p><\/p>\n<p>* http:\\\\www.iaim.net<\/p>\n<p>** Vimala McClure, Infant Massage, Bantam Books, 2000 (ed originale 1979)<\/p>\t\t\t\t\t\t\t\t<\/div>\n\t\t\t\t<\/div>\n\t\t\t\t<\/div>\n\t\t\t\t\t<\/div>\n\t\t\t\t<\/div>\n\t\t\t\t<\/div>","protected":false},"excerpt":{"rendered":"<p>COURS MASSAGE B\u00c9B\u00c9 A parent et b\u00e9b\u00e9, un pr\u00e9sent pour le futur \u00ab\u00a0Ce petit, il faut parler \u00e0 sa peau Il faut parler \u00e0 son dos Qui a soif et faim Autant qu\u2019\u00e0 son ventre\u00a0\u00bb Fr\u00e9d\u00e9rick Leboyer AVE massage propose aux parents un atelier d\u2019apprentissage en massage pour b\u00e9b\u00e9s de 0 \u00e0 7 mois. Le [&hellip;]<\/p>\n","protected":false},"author":1,"featured_media":0,"parent":0,"menu_order":44,"comment_status":"closed","ping_status":"closed","template":"","meta":{"site-sidebar-layout":"no-sidebar","site-content-layout":"","ast-site-content-layout":"full-width-container","site-content-style":"default","site-sidebar-style":"default","ast-global-header-display":"","ast-banner-title-visibility":"","ast-main-header-display":"","ast-hfb-above-header-display":"","ast-hfb-below-header-display":"","ast-hfb-mobile-header-display":"","site-post-title":"disabled","ast-breadcrumbs-content":"","ast-featured-img":"disabled","footer-sml-layout":"","ast-disable-related-posts":"","theme-transparent-header-meta":"","adv-header-id-meta":"","stick-header-meta":"","header-above-stick-meta":"","header-main-stick-meta":"","header-below-stick-meta":"","astra-migrate-meta-layouts":"default","ast-page-background-enabled":"default","ast-page-background-meta":{"desktop":{"background-color":"var(--ast-global-color-4)","background-image":"","background-repeat":"repeat","background-position":"center center","background-size":"auto","background-attachment":"scroll","background-type":"","background-media":"","overlay-type":"","overlay-color":"","overlay-opacity":"","overlay-gradient":""},"tablet":{"background-color":"","background-image":"","background-repeat":"repeat","background-position":"center center","background-size":"auto","background-attachment":"scroll","background-type":"","background-media":"","overlay-type":"","overlay-color":"","overlay-opacity":"","overlay-gradient":""},"mobile":{"background-color":"","background-image":"","background-repeat":"repeat","background-position":"center center","background-size":"auto","background-attachment":"scroll","background-type":"","background-media":"","overlay-type":"","overlay-color":"","overlay-opacity":"","overlay-gradient":""}},"ast-content-background-meta":{"desktop":{"background-color":"var(--ast-global-color-5)","background-image":"","background-repeat":"repeat","background-position":"center center","background-size":"auto","background-attachment":"scroll","background-type":"","background-media":"","overlay-type":"","overlay-color":"","overlay-opacity":"","overlay-gradient":""},"tablet":{"background-color":"var(--ast-global-color-5)","background-image":"","background-repeat":"repeat","background-position":"center center","background-size":"auto","background-attachment":"scroll","background-type":"","background-media":"","overlay-type":"","overlay-color":"","overlay-opacity":"","overlay-gradient":""},"mobile":{"background-color":"var(--ast-global-color-5)","background-image":"","background-repeat":"repeat","background-position":"center center","background-size":"auto","background-attachment":"scroll","background-type":"","background-media":"","overlay-type":"","overlay-color":"","overlay-opacity":"","overlay-gradient":""}},"footnotes":""},"class_list":["post-23","page","type-page","status-publish","hentry"],"_links":{"self":[{"href":"https:\/\/avemassage-aqua.com\/en\/wp-json\/wp\/v2\/pages\/23","targetHints":{"allow":["GET"]}}],"collection":[{"href":"https:\/\/avemassage-aqua.com\/en\/wp-json\/wp\/v2\/pages"}],"about":[{"href":"https:\/\/avemassage-aqua.com\/en\/wp-json\/wp\/v2\/types\/page"}],"author":[{"embeddable":true,"href":"https:\/\/avemassage-aqua.com\/en\/wp-json\/wp\/v2\/users\/1"}],"replies":[{"embeddable":true,"href":"https:\/\/avemassage-aqua.com\/en\/wp-json\/wp\/v2\/comments?post=23"}],"version-history":[{"count":7,"href":"https:\/\/avemassage-aqua.com\/en\/wp-json\/wp\/v2\/pages\/23\/revisions"}],"predecessor-version":[{"id":354,"href":"https:\/\/avemassage-aqua.com\/en\/wp-json\/wp\/v2\/pages\/23\/revisions\/354"}],"wp:attachment":[{"href":"https:\/\/avemassage-aqua.com\/en\/wp-json\/wp\/v2\/media?parent=23"}],"curies":[{"name":"wp","href":"https:\/\/api.w.org\/{rel}","templated":true}]}}