{"id":25,"date":"2023-10-27T13:46:56","date_gmt":"2023-10-27T13:46:56","guid":{"rendered":"https:\/\/avemassage-aqua.com\/wp\/?page_id=25"},"modified":"2024-10-31T10:11:49","modified_gmt":"2024-10-31T09:11:49","slug":"massage-assis-amma","status":"publish","type":"page","link":"https:\/\/avemassage-aqua.com\/en\/massage-assis-amma\/","title":{"rendered":"Chair Massage Amma"},"content":{"rendered":"<div data-elementor-type=\"wp-page\" data-elementor-id=\"25\" class=\"elementor elementor-25\">\n\t\t\t\t<div class=\"elementor-element elementor-element-f2557b2 e-flex e-con-boxed e-con e-parent\" data-id=\"f2557b2\" data-element_type=\"container\" data-e-type=\"container\">\n\t\t\t\t\t<div class=\"e-con-inner\">\n\t\t<div class=\"elementor-element elementor-element-fb571ce e-con-full e-flex e-con e-child\" data-id=\"fb571ce\" data-element_type=\"container\" data-e-type=\"container\">\n\t\t\t\t<div class=\"elementor-element elementor-element-45393c0 elementor-widget elementor-widget-image\" data-id=\"45393c0\" data-element_type=\"widget\" data-e-type=\"widget\" data-widget_type=\"image.default\">\n\t\t\t\t<div class=\"elementor-widget-container\">\n\t\t\t\t\t\t\t\t\t\t\t\t\t\t\t<img fetchpriority=\"high\" decoding=\"async\" width=\"576\" height=\"1024\" src=\"https:\/\/avemassage-aqua.com\/wp-content\/uploads\/2023\/11\/IMG-20231031-WA0012-576x1024.jpg\" class=\"attachment-large size-large wp-image-300\" alt=\"\" srcset=\"https:\/\/avemassage-aqua.com\/wp-content\/uploads\/2023\/11\/IMG-20231031-WA0012-576x1024.jpg 576w, https:\/\/avemassage-aqua.com\/wp-content\/uploads\/2023\/11\/IMG-20231031-WA0012-169x300.jpg 169w, https:\/\/avemassage-aqua.com\/wp-content\/uploads\/2023\/11\/IMG-20231031-WA0012.jpg 675w\" sizes=\"(max-width: 576px) 100vw, 576px\" \/>\t\t\t\t\t\t\t\t\t\t\t\t\t\t\t<\/div>\n\t\t\t\t<\/div>\n\t\t\t\t<\/div>\n\t\t<div class=\"elementor-element elementor-element-f45e83f e-con-full e-flex e-con e-child\" data-id=\"f45e83f\" data-element_type=\"container\" data-e-type=\"container\">\n\t\t\t\t<div class=\"elementor-element elementor-element-208a9f1 elementor-widget elementor-widget-text-editor\" data-id=\"208a9f1\" data-element_type=\"widget\" data-e-type=\"widget\" data-widget_type=\"text-editor.default\">\n\t\t\t\t<div class=\"elementor-widget-container\">\n\t\t\t\t\t\t\t\t\t<p>MASSAGE ASSIS<\/p>\n<p><\/p>\n<p>\u00c9nergie sur le Lieu de Travail et bien-\u00eatre lors des Ev\u00e8nements<\/p>\n<p><\/p>\n<p>La m\u00e9thode de massage assis adopt\u00e9e par AVE massage-aqua et d\u00e9nomm\u00e9e \u00ab AMMA ASSIS \u00bb est celle enseign\u00e9e par Tony Neuman, cr\u00e9ateur du Touch Line\u00a9Institut. C\u2019est une adaptation moderne d\u2019une ancienne discipline sino-nipponne dont la traduction de la d\u00e9nomination pourrait \u00eatre \u00ab calmer avec le toucher \u00bb.<\/p>\n<p><\/p>\n<p>Le terme \u00ab toucher \u00bb est explicite, \u00e0 travers sa modestie. Un massage assis offre une pause, un r\u00e9pit, une parcelle de d\u00e9tente et de calme. Aussi est-il appropri\u00e9 au lieu de travail o\u00f9 il est le plus pratiqu\u00e9. La dur\u00e9e moyenne d\u2019une s\u00e9ance n\u2019est que de 15 minutes et elle ne n\u00e9cessite pas de temps de pr\u00e9paration car la personne mass\u00e9e garde ses habits. Gr\u00e2ce \u00e0 une petite invention de g\u00e9nie remontant aux ann\u00e9es 80, la chaise de massage compacte et ergonomique de l&rsquo;Am\u00e9ricain David Palmer, d\u00e9clin\u00e9e maintenant sous de multiples variantes un peu partout dans le monde.<\/p>\n<p><\/p>\n<p>La technique originale asiatique consiste en des pressions sur des points le long des m\u00e9ridiens. Celle mise au point par Newman, un ancien \u00e9l\u00e8ve de David Palmer, consiste en pression et p\u00e9trissage du dos, de la t\u00eate, du cou, des \u00e9paules, des bras, des hanches, des mains jusques aux bouts doigts.<br>Ce massage d\u00e9tend les muscles, redonne tonus et vitalit\u00e9. Elle favorise la circulation de l\u2019\u00e9nergie du corps et lib\u00e8re les tensions nerveuses accumul\u00e9es notamment aux \u00e9paules et au haut du dos (vert\u00e8bres cervicaux) mais aussi au niveau des vert\u00e8bres cervicaux et lombaires. <\/p>\n<p>Lieu de Travail et Ev\u00e8nements<\/p>\n<p><\/p>\n<p>Le massage assis est particuli\u00e8rement appropri\u00e9 au Lieux de travail, aux endroits publics (comme un a\u00e9roport), \u00e0 des rencontres (comme \u00e0 un s\u00e9minaire) o\u00f9 un court moment de repos et de d\u00e9tente permet de r\u00e9cup\u00e9rer et de faire provision d&rsquo;\u00e9nergie et de tonus.<\/p>\n<p><\/p>\n<p>Il convient \u00e9galement lors des Ev\u00e8nements et rencontres qu\u2019elles soient professionnelles, sociales, publics ou priv\u00e9es. Il peut \u00e9galement contribuer \u00e0 la d\u00e9tente lors de r\u00e9jouissances culturelles ou festives.<\/p>\n<p><\/p>\t\t\t\t\t\t\t\t<\/div>\n\t\t\t\t<\/div>\n\t\t\t\t<\/div>\n\t\t\t\t\t<\/div>\n\t\t\t\t<\/div>\n\t\t\t\t<\/div>","protected":false},"excerpt":{"rendered":"<p>MASSAGE ASSIS \u00c9nergie sur le Lieu de Travail et bien-\u00eatre lors des Ev\u00e8nements La m\u00e9thode de massage assis adopt\u00e9e par AVE massage-aqua et d\u00e9nomm\u00e9e \u00ab AMMA ASSIS \u00bb est celle enseign\u00e9e par Tony Neuman, cr\u00e9ateur du Touch Line\u00a9Institut. C\u2019est une adaptation moderne d\u2019une ancienne discipline sino-nipponne dont la traduction de la d\u00e9nomination pourrait \u00eatre \u00ab [&hellip;]<\/p>\n","protected":false},"author":1,"featured_media":0,"parent":0,"menu_order":45,"comment_status":"closed","ping_status":"closed","template":"","meta":{"site-sidebar-layout":"no-sidebar","site-content-layout":"","ast-site-content-layout":"full-width-container","site-content-style":"default","site-sidebar-style":"default","ast-global-header-display":"","ast-banner-title-visibility":"","ast-main-header-display":"","ast-hfb-above-header-display":"","ast-hfb-below-header-display":"","ast-hfb-mobile-header-display":"","site-post-title":"disabled","ast-breadcrumbs-content":"","ast-featured-img":"disabled","footer-sml-layout":"","ast-disable-related-posts":"","theme-transparent-header-meta":"","adv-header-id-meta":"","stick-header-meta":"","header-above-stick-meta":"","header-main-stick-meta":"","header-below-stick-meta":"","astra-migrate-meta-layouts":"default","ast-page-background-enabled":"default","ast-page-background-meta":{"desktop":{"background-color":"var(--ast-global-color-4)","background-image":"","background-repeat":"repeat","background-position":"center center","background-size":"auto","background-attachment":"scroll","background-type":"","background-media":"","overlay-type":"","overlay-color":"","overlay-opacity":"","overlay-gradient":""},"tablet":{"background-color":"","background-image":"","background-repeat":"repeat","background-position":"center center","background-size":"auto","background-attachment":"scroll","background-type":"","background-media":"","overlay-type":"","overlay-color":"","overlay-opacity":"","overlay-gradient":""},"mobile":{"background-color":"","background-image":"","background-repeat":"repeat","background-position":"center center","background-size":"auto","background-attachment":"scroll","background-type":"","background-media":"","overlay-type":"","overlay-color":"","overlay-opacity":"","overlay-gradient":""}},"ast-content-background-meta":{"desktop":{"background-color":"var(--ast-global-color-5)","background-image":"","background-repeat":"repeat","background-position":"center center","background-size":"auto","background-attachment":"scroll","background-type":"","background-media":"","overlay-type":"","overlay-color":"","overlay-opacity":"","overlay-gradient":""},"tablet":{"background-color":"var(--ast-global-color-5)","background-image":"","background-repeat":"repeat","background-position":"center center","background-size":"auto","background-attachment":"scroll","background-type":"","background-media":"","overlay-type":"","overlay-color":"","overlay-opacity":"","overlay-gradient":""},"mobile":{"background-color":"var(--ast-global-color-5)","background-image":"","background-repeat":"repeat","background-position":"center center","background-size":"auto","background-attachment":"scroll","background-type":"","background-media":"","overlay-type":"","overlay-color":"","overlay-opacity":"","overlay-gradient":""}},"footnotes":""},"class_list":["post-25","page","type-page","status-publish","hentry"],"_links":{"self":[{"href":"https:\/\/avemassage-aqua.com\/en\/wp-json\/wp\/v2\/pages\/25","targetHints":{"allow":["GET"]}}],"collection":[{"href":"https:\/\/avemassage-aqua.com\/en\/wp-json\/wp\/v2\/pages"}],"about":[{"href":"https:\/\/avemassage-aqua.com\/en\/wp-json\/wp\/v2\/types\/page"}],"author":[{"embeddable":true,"href":"https:\/\/avemassage-aqua.com\/en\/wp-json\/wp\/v2\/users\/1"}],"replies":[{"embeddable":true,"href":"https:\/\/avemassage-aqua.com\/en\/wp-json\/wp\/v2\/comments?post=25"}],"version-history":[{"count":10,"href":"https:\/\/avemassage-aqua.com\/en\/wp-json\/wp\/v2\/pages\/25\/revisions"}],"predecessor-version":[{"id":357,"href":"https:\/\/avemassage-aqua.com\/en\/wp-json\/wp\/v2\/pages\/25\/revisions\/357"}],"wp:attachment":[{"href":"https:\/\/avemassage-aqua.com\/en\/wp-json\/wp\/v2\/media?parent=25"}],"curies":[{"name":"wp","href":"https:\/\/api.w.org\/{rel}","templated":true}]}}