{"id":27,"date":"2023-10-27T13:47:18","date_gmt":"2023-10-27T13:47:18","guid":{"rendered":"https:\/\/avemassage-aqua.com\/wp\/?page_id=27"},"modified":"2024-10-31T10:12:11","modified_gmt":"2024-10-31T09:12:11","slug":"drainage-lymphatique","status":"publish","type":"page","link":"https:\/\/avemassage-aqua.com\/en\/drainage-lymphatique\/","title":{"rendered":"Lymphatic Drainage"},"content":{"rendered":"<div data-elementor-type=\"wp-page\" data-elementor-id=\"27\" class=\"elementor elementor-27\">\n\t\t\t\t<div class=\"elementor-element elementor-element-182b029 e-flex e-con-boxed e-con e-parent\" data-id=\"182b029\" data-element_type=\"container\" data-e-type=\"container\">\n\t\t\t\t\t<div class=\"e-con-inner\">\n\t\t<div class=\"elementor-element elementor-element-e744438 e-con-full e-flex e-con e-child\" data-id=\"e744438\" data-element_type=\"container\" data-e-type=\"container\">\n\t\t\t\t<div class=\"elementor-element elementor-element-3278c0e elementor-widget elementor-widget-image\" data-id=\"3278c0e\" data-element_type=\"widget\" data-e-type=\"widget\" data-widget_type=\"image.default\">\n\t\t\t\t<div class=\"elementor-widget-container\">\n\t\t\t\t\t\t\t\t\t\t\t\t\t\t\t<img fetchpriority=\"high\" decoding=\"async\" width=\"945\" height=\"763\" src=\"https:\/\/avemassage-aqua.com\/wp-content\/uploads\/2023\/10\/Capture-decran-2023-10-27-165953.png\" class=\"attachment-large size-large wp-image-90\" alt=\"\" srcset=\"https:\/\/avemassage-aqua.com\/wp-content\/uploads\/2023\/10\/Capture-decran-2023-10-27-165953.png 945w, https:\/\/avemassage-aqua.com\/wp-content\/uploads\/2023\/10\/Capture-decran-2023-10-27-165953-300x242.png 300w, https:\/\/avemassage-aqua.com\/wp-content\/uploads\/2023\/10\/Capture-decran-2023-10-27-165953-768x620.png 768w\" sizes=\"(max-width: 945px) 100vw, 945px\" \/>\t\t\t\t\t\t\t\t\t\t\t\t\t\t\t<\/div>\n\t\t\t\t<\/div>\n\t\t\t\t<\/div>\n\t\t<div class=\"elementor-element elementor-element-637c373 e-con-full e-flex e-con e-child\" data-id=\"637c373\" data-element_type=\"container\" data-e-type=\"container\">\n\t\t\t\t<div class=\"elementor-element elementor-element-0190ba1 elementor-widget elementor-widget-text-editor\" data-id=\"0190ba1\" data-element_type=\"widget\" data-e-type=\"widget\" data-widget_type=\"text-editor.default\">\n\t\t\t\t<div class=\"elementor-widget-container\">\n\t\t\t\t\t\t\t\t\t<p>LYMPH DRAIN<\/p><p>\u00a0<\/p><p>Un Massage doux et rythm\u00e9 en guise de Soin contre des maux<\/p><p>\u00a0<\/p><p>Le drainage lymphatique est une technique de massage tr\u00e8s douce et rythm\u00e9e, destin\u00e9e sp\u00e9cifiquement \u00e0 faciliter le drainage de la lymphe stagnant dans les canaux lymphatiques.<\/p><p>\u00a0<\/p><p>La m\u00e9thode pratiqu\u00e9e par AVE massage-aqua est inspir\u00e9e de la variante mise au point par le Danois, Emile Vodder. Un massage doux et rythm\u00e9 de pression et de d\u00e9pression agissant comme une pompe active la contraction de la paroi des canaux lymphatiques qui servent \u00e0 v\u00e9hiculer diff\u00e9rentes substances. Ce massage particulier s&rsquo;exerce sur chaque partie du corps : visage, cou, plexus, bras ventre, cuisse, genoux, mollets, cheville. Selon les besoins de la personne mass\u00e9e, un accent sera port\u00e9 sur telle partie du corps ou telle autre.<\/p><p>\u00a0<\/p><p>Des actions potentielles du massage sont le drainage des toxines, et la stimulation du syst\u00e8me immunitaire. Il peut par exemple \u00eatre d&rsquo;utilit\u00e9 dans certains syndromes de \u00ab\u00a0jambes lourdes et gonfl\u00e9es\u00a0\u00bb provoquant des douleurs. Le drainage lymphatique a aussi l&rsquo;avantage de relaxer et de procurer une sensation de bien-\u00eatre.<\/p>\t\t\t\t\t\t\t\t<\/div>\n\t\t\t\t<\/div>\n\t\t\t\t<\/div>\n\t\t\t\t\t<\/div>\n\t\t\t\t<\/div>\n\t\t\t\t<\/div>","protected":false},"excerpt":{"rendered":"<p>DRAINAGE LYMPHATIQUE \u00a0 Un Massage doux et rythm\u00e9 en guise de Soin contre des maux \u00a0 Le drainage lymphatique est une technique de massage tr\u00e8s douce et rythm\u00e9e, destin\u00e9e sp\u00e9cifiquement \u00e0 faciliter le drainage de la lymphe stagnant dans les canaux lymphatiques. \u00a0 La m\u00e9thode pratiqu\u00e9e par AVE massage-aqua est inspir\u00e9e de la variante mise [&hellip;]<\/p>\n","protected":false},"author":1,"featured_media":0,"parent":0,"menu_order":46,"comment_status":"closed","ping_status":"closed","template":"","meta":{"site-sidebar-layout":"no-sidebar","site-content-layout":"","ast-site-content-layout":"full-width-container","site-content-style":"default","site-sidebar-style":"default","ast-global-header-display":"","ast-banner-title-visibility":"","ast-main-header-display":"","ast-hfb-above-header-display":"","ast-hfb-below-header-display":"","ast-hfb-mobile-header-display":"","site-post-title":"disabled","ast-breadcrumbs-content":"","ast-featured-img":"disabled","footer-sml-layout":"","ast-disable-related-posts":"","theme-transparent-header-meta":"","adv-header-id-meta":"","stick-header-meta":"","header-above-stick-meta":"","header-main-stick-meta":"","header-below-stick-meta":"","astra-migrate-meta-layouts":"default","ast-page-background-enabled":"default","ast-page-background-meta":{"desktop":{"background-color":"var(--ast-global-color-4)","background-image":"","background-repeat":"repeat","background-position":"center center","background-size":"auto","background-attachment":"scroll","background-type":"","background-media":"","overlay-type":"","overlay-color":"","overlay-opacity":"","overlay-gradient":""},"tablet":{"background-color":"","background-image":"","background-repeat":"repeat","background-position":"center center","background-size":"auto","background-attachment":"scroll","background-type":"","background-media":"","overlay-type":"","overlay-color":"","overlay-opacity":"","overlay-gradient":""},"mobile":{"background-color":"","background-image":"","background-repeat":"repeat","background-position":"center center","background-size":"auto","background-attachment":"scroll","background-type":"","background-media":"","overlay-type":"","overlay-color":"","overlay-opacity":"","overlay-gradient":""}},"ast-content-background-meta":{"desktop":{"background-color":"var(--ast-global-color-5)","background-image":"","background-repeat":"repeat","background-position":"center center","background-size":"auto","background-attachment":"scroll","background-type":"","background-media":"","overlay-type":"","overlay-color":"","overlay-opacity":"","overlay-gradient":""},"tablet":{"background-color":"var(--ast-global-color-5)","background-image":"","background-repeat":"repeat","background-position":"center center","background-size":"auto","background-attachment":"scroll","background-type":"","background-media":"","overlay-type":"","overlay-color":"","overlay-opacity":"","overlay-gradient":""},"mobile":{"background-color":"var(--ast-global-color-5)","background-image":"","background-repeat":"repeat","background-position":"center center","background-size":"auto","background-attachment":"scroll","background-type":"","background-media":"","overlay-type":"","overlay-color":"","overlay-opacity":"","overlay-gradient":""}},"footnotes":""},"class_list":["post-27","page","type-page","status-publish","hentry"],"_links":{"self":[{"href":"https:\/\/avemassage-aqua.com\/en\/wp-json\/wp\/v2\/pages\/27","targetHints":{"allow":["GET"]}}],"collection":[{"href":"https:\/\/avemassage-aqua.com\/en\/wp-json\/wp\/v2\/pages"}],"about":[{"href":"https:\/\/avemassage-aqua.com\/en\/wp-json\/wp\/v2\/types\/page"}],"author":[{"embeddable":true,"href":"https:\/\/avemassage-aqua.com\/en\/wp-json\/wp\/v2\/users\/1"}],"replies":[{"embeddable":true,"href":"https:\/\/avemassage-aqua.com\/en\/wp-json\/wp\/v2\/comments?post=27"}],"version-history":[{"count":4,"href":"https:\/\/avemassage-aqua.com\/en\/wp-json\/wp\/v2\/pages\/27\/revisions"}],"predecessor-version":[{"id":93,"href":"https:\/\/avemassage-aqua.com\/en\/wp-json\/wp\/v2\/pages\/27\/revisions\/93"}],"wp:attachment":[{"href":"https:\/\/avemassage-aqua.com\/en\/wp-json\/wp\/v2\/media?parent=27"}],"curies":[{"name":"wp","href":"https:\/\/api.w.org\/{rel}","templated":true}]}}