{"id":29,"date":"2023-10-27T13:48:10","date_gmt":"2023-10-27T13:48:10","guid":{"rendered":"https:\/\/avemassage-aqua.com\/wp\/?page_id=29"},"modified":"2026-03-24T18:46:23","modified_gmt":"2026-03-24T17:46:23","slug":"watsu","status":"publish","type":"page","link":"https:\/\/avemassage-aqua.com\/en\/watsu\/","title":{"rendered":"Watsu"},"content":{"rendered":"<div data-elementor-type=\"wp-page\" data-elementor-id=\"29\" class=\"elementor elementor-29\">\n\t\t\t\t<div class=\"elementor-element elementor-element-e81d513 e-flex e-con-boxed e-con e-parent\" data-id=\"e81d513\" data-element_type=\"container\" data-e-type=\"container\">\n\t\t\t\t\t<div class=\"e-con-inner\">\n\t\t<div class=\"elementor-element elementor-element-9000000 e-con-full e-flex e-con e-child\" data-id=\"9000000\" data-element_type=\"container\" data-e-type=\"container\">\n\t\t\t\t<div class=\"elementor-element elementor-element-d21eb61 elementor-widget elementor-widget-image\" data-id=\"d21eb61\" data-element_type=\"widget\" data-e-type=\"widget\" data-widget_type=\"image.default\">\n\t\t\t\t<div class=\"elementor-widget-container\">\n\t\t\t\t\t\t\t\t\t\t\t\t\t\t\t<img fetchpriority=\"high\" decoding=\"async\" width=\"768\" height=\"1024\" src=\"https:\/\/avemassage-aqua.com\/wp-content\/uploads\/2023\/11\/IMG-20231031-WA0023.jpg\" class=\"attachment-large size-large wp-image-307\" alt=\"\" srcset=\"https:\/\/avemassage-aqua.com\/wp-content\/uploads\/2023\/11\/IMG-20231031-WA0023.jpg 768w, https:\/\/avemassage-aqua.com\/wp-content\/uploads\/2023\/11\/IMG-20231031-WA0023-225x300.jpg 225w\" sizes=\"(max-width: 768px) 100vw, 768px\" \/>\t\t\t\t\t\t\t\t\t\t\t\t\t\t\t<\/div>\n\t\t\t\t<\/div>\n\t\t\t\t<\/div>\n\t\t<div class=\"elementor-element elementor-element-079e44f e-con-full e-flex e-con e-child\" data-id=\"079e44f\" data-element_type=\"container\" data-e-type=\"container\">\n\t\t\t\t<div class=\"elementor-element elementor-element-6de5194 elementor-widget elementor-widget-text-editor\" data-id=\"6de5194\" data-element_type=\"widget\" data-e-type=\"widget\" data-widget_type=\"text-editor.default\">\n\t\t\t\t<div class=\"elementor-widget-container\">\n\t\t\t\t\t\t\t\t\t<p>WATSU<\/p><p><strong class=\"Yjhzub\" data-sfc-root=\"c\" data-sfc-cb=\"\" data-processed=\"true\">Watsu\u00ae : La Relaxation Aquatique Absolue<\/strong><br data-sfc-root=\"c\" data-sfc-pl=\"|[]\" data-sfc-cb=\"\" data-processed=\"true\" \/>D\u00e9couvrez le Watsu, un soin unique combinant les \u00e9tirements du Shiatsu et la fluidit\u00e9 de l&rsquo;eau chaude. Flottez en apesanteur, lib\u00e9rez vos tensions et retrouvez une sensation de calme profond. Une \u00ab\u00a0danse\u00a0\u00bb aquatique douce qui unifie corps et esprit.<\/p><p>Plongez dans une exp\u00e9rience de relaxation totale en flottant dans une eau chaude \u00e0 34\u00b0C, tandis que votre praticienne utilise des mouvements inspir\u00e9s des techniques de Watsu@, Aquasoma@ et Ost\u00e9opathie aquatique.<\/p><p>Dans le silence, vous laissez aller votre corps, permettant une d\u00e9compression vert\u00e9brale et une relaxation musculaire totale. C&rsquo;est une exp\u00e9rience de retour \u00e0 soi, souvent compar\u00e9e \u00e0 un retour au calme f\u0153tal.<\/p><p>Vous pourrez \u00e9galement sentir l\u2019eau glisser le long de votre corps ou encore laisser faire le grand silence tout simplement pour profiter pleinement d\u2019une exp\u00e9rience sensorielle.<\/p><p>Femmes enceintes?<\/p><p>Une s\u00e9ance sp\u00e9ciale pr\u00e9natale vous est d\u00e9di\u00e9e avec des mouvements sp\u00e9cifiques.<\/p><div class=\"Y3BBE\" data-sfc-cp=\"\" data-sfc-root=\"c\" data-sfc-cb=\"\" data-hveid=\"CAcQAA\" data-processed=\"true\"><strong class=\"Yjhzub\" data-sfc-root=\"c\" data-sfc-cb=\"\" data-processed=\"true\">Les bienfaits du Watsu sur le corps et l&rsquo;esprit :<\/strong><\/div><ul class=\"KsbFXc U6u95\" data-sfc-root=\"c\" data-sfc-cb=\"\" data-processed=\"true\"><li class=\"dF3vjf\" data-sfc-root=\"c\" data-sfc-cb=\"\" data-hveid=\"CAcQAQ\" data-processed=\"true\"><span class=\"T286Pc\" data-sfc-cp=\"\" data-sfc-root=\"c\" data-sfc-cb=\"\" data-processed=\"true\"><strong class=\"Yjhzub\" data-sfc-root=\"c\" data-sfc-cb=\"\" data-processed=\"true\">Relaxation profonde :<\/strong> R\u00e9duction radicale du stress, de l&rsquo;anxi\u00e9t\u00e9 et des tensions nerveuses.<\/span><\/li><li class=\"dF3vjf\" data-sfc-root=\"c\" data-sfc-cb=\"\" data-hveid=\"CAcQAg\" data-processed=\"true\"><span class=\"T286Pc\" data-sfc-cp=\"\" data-sfc-root=\"c\" data-sfc-cb=\"\" data-processed=\"true\"><strong class=\"Yjhzub\" data-sfc-root=\"c\" data-sfc-cb=\"\" data-processed=\"true\">Soulagement physique :<\/strong> Diminution des douleurs chroniques, des maux de dos (lombalgies) et d\u00e9compression articulaire.<\/span><\/li><li class=\"dF3vjf\" data-sfc-root=\"c\" data-sfc-cb=\"\" data-hveid=\"CAcQAw\" data-processed=\"true\"><span class=\"T286Pc\" data-sfc-cp=\"\" data-sfc-root=\"c\" data-sfc-cb=\"\" data-processed=\"true\"><strong class=\"Yjhzub\" data-sfc-root=\"c\" data-sfc-cb=\"\" data-processed=\"true\">Am\u00e9lioration de la mobilit\u00e9 :<\/strong> Augmentation de la souplesse et de l&rsquo;amplitude des mouvements.<\/span><\/li><li class=\"dF3vjf\" data-sfc-root=\"c\" data-sfc-cb=\"\" data-hveid=\"CAcQBA\" data-processed=\"true\"><span class=\"T286Pc\" data-sfc-cp=\"\" data-sfc-root=\"c\" data-sfc-cb=\"\" data-processed=\"true\"><strong class=\"Yjhzub\" data-sfc-root=\"c\" data-sfc-cb=\"\" data-processed=\"true\">Meilleur sommeil :<\/strong> Favorise un sommeil plus profond et r\u00e9parateur.<\/span><\/li><li class=\"dF3vjf\" data-sfc-root=\"c\" data-sfc-cb=\"\" data-hveid=\"CAcQBQ\" data-processed=\"true\"><span class=\"T286Pc\" data-sfc-cp=\"\" data-sfc-root=\"c\" data-sfc-cb=\"\" data-processed=\"true\"><strong class=\"Yjhzub\" data-sfc-root=\"c\" data-sfc-cb=\"\" data-processed=\"true\">Bien-\u00eatre \u00e9motionnel :<\/strong> Favorise le l\u00e2cher-prise, le sentiment de s\u00e9curit\u00e9 et la reconnexion \u00e0 soi.<\/span><\/li><\/ul><p>Chaque s\u00e9ance est une opportunit\u00e9 pour vous de reconnecter \u00e0 votre intimit\u00e9 et de retrouver quelque chose d&rsquo;unique. Que ce soit un lien sacr\u00e9 spirituel, une m\u00e9ditation apaisante pour votre mental ou un moment de d\u00e9tente pure pour votre corps et votre esprit.<\/p><p>Chaque personne vit une exp\u00e9rience personnelle et la d\u00e9crit avec ses propres mots.\u00a0<\/p><p>Chacun est le bienvenu avec son intention personnelle pour cette danse \u00e0 trois, entre l&rsquo;eau, le donneur et le receveur. Pr\u00e9parez-vous \u00e0 un voyage tout en douceur et laissez-vous porter par cette exp\u00e9rience unique.<\/p>\t\t\t\t\t\t\t\t<\/div>\n\t\t\t\t<\/div>\n\t\t\t\t<\/div>\n\t\t\t\t\t<\/div>\n\t\t\t\t<\/div>\n\t\t\t\t<\/div>","protected":false},"excerpt":{"rendered":"<p>WATSU Watsu\u00ae : La Relaxation Aquatique AbsolueD\u00e9couvrez le Watsu, un soin unique combinant les \u00e9tirements du Shiatsu et la fluidit\u00e9 de l&rsquo;eau chaude. Flottez en apesanteur, lib\u00e9rez vos tensions et retrouvez une sensation de calme profond. Une \u00ab\u00a0danse\u00a0\u00bb aquatique douce qui unifie corps et esprit. Plongez dans une exp\u00e9rience de relaxation totale en flottant dans [&hellip;]<\/p>\n","protected":false},"author":1,"featured_media":0,"parent":0,"menu_order":32,"comment_status":"closed","ping_status":"closed","template":"","meta":{"site-sidebar-layout":"no-sidebar","site-content-layout":"","ast-site-content-layout":"full-width-container","site-content-style":"default","site-sidebar-style":"default","ast-global-header-display":"","ast-banner-title-visibility":"","ast-main-header-display":"","ast-hfb-above-header-display":"","ast-hfb-below-header-display":"","ast-hfb-mobile-header-display":"","site-post-title":"disabled","ast-breadcrumbs-content":"","ast-featured-img":"disabled","footer-sml-layout":"","ast-disable-related-posts":"","theme-transparent-header-meta":"","adv-header-id-meta":"","stick-header-meta":"","header-above-stick-meta":"","header-main-stick-meta":"","header-below-stick-meta":"","astra-migrate-meta-layouts":"default","ast-page-background-enabled":"default","ast-page-background-meta":{"desktop":{"background-color":"var(--ast-global-color-4)","background-image":"","background-repeat":"repeat","background-position":"center center","background-size":"auto","background-attachment":"scroll","background-type":"","background-media":"","overlay-type":"","overlay-color":"","overlay-opacity":"","overlay-gradient":""},"tablet":{"background-color":"","background-image":"","background-repeat":"repeat","background-position":"center center","background-size":"auto","background-attachment":"scroll","background-type":"","background-media":"","overlay-type":"","overlay-color":"","overlay-opacity":"","overlay-gradient":""},"mobile":{"background-color":"","background-image":"","background-repeat":"repeat","background-position":"center center","background-size":"auto","background-attachment":"scroll","background-type":"","background-media":"","overlay-type":"","overlay-color":"","overlay-opacity":"","overlay-gradient":""}},"ast-content-background-meta":{"desktop":{"background-color":"var(--ast-global-color-5)","background-image":"","background-repeat":"repeat","background-position":"center center","background-size":"auto","background-attachment":"scroll","background-type":"","background-media":"","overlay-type":"","overlay-color":"","overlay-opacity":"","overlay-gradient":""},"tablet":{"background-color":"var(--ast-global-color-5)","background-image":"","background-repeat":"repeat","background-position":"center center","background-size":"auto","background-attachment":"scroll","background-type":"","background-media":"","overlay-type":"","overlay-color":"","overlay-opacity":"","overlay-gradient":""},"mobile":{"background-color":"var(--ast-global-color-5)","background-image":"","background-repeat":"repeat","background-position":"center center","background-size":"auto","background-attachment":"scroll","background-type":"","background-media":"","overlay-type":"","overlay-color":"","overlay-opacity":"","overlay-gradient":""}},"footnotes":""},"class_list":["post-29","page","type-page","status-publish","hentry"],"_links":{"self":[{"href":"https:\/\/avemassage-aqua.com\/en\/wp-json\/wp\/v2\/pages\/29","targetHints":{"allow":["GET"]}}],"collection":[{"href":"https:\/\/avemassage-aqua.com\/en\/wp-json\/wp\/v2\/pages"}],"about":[{"href":"https:\/\/avemassage-aqua.com\/en\/wp-json\/wp\/v2\/types\/page"}],"author":[{"embeddable":true,"href":"https:\/\/avemassage-aqua.com\/en\/wp-json\/wp\/v2\/users\/1"}],"replies":[{"embeddable":true,"href":"https:\/\/avemassage-aqua.com\/en\/wp-json\/wp\/v2\/comments?post=29"}],"version-history":[{"count":13,"href":"https:\/\/avemassage-aqua.com\/en\/wp-json\/wp\/v2\/pages\/29\/revisions"}],"predecessor-version":[{"id":465,"href":"https:\/\/avemassage-aqua.com\/en\/wp-json\/wp\/v2\/pages\/29\/revisions\/465"}],"wp:attachment":[{"href":"https:\/\/avemassage-aqua.com\/en\/wp-json\/wp\/v2\/media?parent=29"}],"curies":[{"name":"wp","href":"https:\/\/api.w.org\/{rel}","templated":true}]}}